{"id":179,"date":"2024-01-15T20:25:20","date_gmt":"2024-01-15T20:25:20","guid":{"rendered":"https:\/\/dulceslaguaca.com\/?post_type=product&#038;p=179"},"modified":"2024-01-15T20:25:20","modified_gmt":"2024-01-15T20:25:20","slug":"dulce-de-limon","status":"publish","type":"product","link":"https:\/\/dulceslaguaca.com\/?product=dulce-de-limon","title":{"rendered":"Dulce de lim\u00f3n"},"content":{"rendered":"<p>Experimenta la frescura y la explosi\u00f3n de sabor con nuestra emocionante variedad de Dulce con Az\u00facar, presentando la deliciosa combinaci\u00f3n de frutas con Lim\u00f3n de Dulces La Guaca.<\/p>\n<p>En cada caja encontrar\u00e1s 18 unidades, con un peso neto de 260 gramos y una vida \u00fatil de 3 meses, asegurando una experiencia deliciosa y duradera.<\/p>\n<p>Estos dulces, cuidadosamente elaborados con la perfecta armon\u00eda de az\u00facar y lim\u00f3n, te brindar\u00e1n un estallido de frescura con cada bocado. A\u00f1ade este vibrante surtido a tu carrito y d\u00e9jate llevar por el sabor refrescante que solo Dulces La Guaca puede ofrecer.<\/p>\n","protected":false},"excerpt":{"rendered":"<p>Experimenta la frescura y la explosi\u00f3n de sabor con nuestra emocionante variedad de Dulce con Az\u00facar, presentando la deliciosa combinaci\u00f3n de frutas con Lim\u00f3n de Dulces La Guaca.<\/p>\n<p>En cada caja encontrar\u00e1s 18 unidades, con un peso neto de 260 gramos y una vida \u00fatil de 3 meses, asegurando una experiencia deliciosa y duradera.<\/p>\n<p>Estos dulces, cuidadosamente elaborados con la perfecta armon\u00eda de az\u00facar y lim\u00f3n, te brindar\u00e1n un estallido de frescura con cada bocado. A\u00f1ade este vibrante surtido a tu carrito y d\u00e9jate llevar por el sabor refrescante que solo Dulces La Guaca puede ofrecer.<\/p>\n","protected":false},"featured_media":181,"comment_status":"open","ping_status":"closed","template":"","meta":{"om_disable_all_campaigns":false,"_monsterinsights_skip_tracking":false,"_monsterinsights_sitenote_active":false,"_monsterinsights_sitenote_note":"","_monsterinsights_sitenote_category":0},"product_brand":[],"product_cat":[27],"product_tag":[],"class_list":{"0":"post-179","1":"product","2":"type-product","3":"status-publish","4":"has-post-thumbnail","6":"product_cat-fruta","8":"first","9":"instock","10":"shipping-taxable","11":"purchasable","12":"product-type-simple"},"aioseo_notices":[],"_links":{"self":[{"href":"https:\/\/dulceslaguaca.com\/index.php?rest_route=\/wp\/v2\/product\/179","targetHints":{"allow":["GET"]}}],"collection":[{"href":"https:\/\/dulceslaguaca.com\/index.php?rest_route=\/wp\/v2\/product"}],"about":[{"href":"https:\/\/dulceslaguaca.com\/index.php?rest_route=\/wp\/v2\/types\/product"}],"replies":[{"embeddable":true,"href":"https:\/\/dulceslaguaca.com\/index.php?rest_route=%2Fwp%2Fv2%2Fcomments&post=179"}],"wp:featuredmedia":[{"embeddable":true,"href":"https:\/\/dulceslaguaca.com\/index.php?rest_route=\/wp\/v2\/media\/181"}],"wp:attachment":[{"href":"https:\/\/dulceslaguaca.com\/index.php?rest_route=%2Fwp%2Fv2%2Fmedia&parent=179"}],"wp:term":[{"taxonomy":"product_brand","embeddable":true,"href":"https:\/\/dulceslaguaca.com\/index.php?rest_route=%2Fwp%2Fv2%2Fproduct_brand&post=179"},{"taxonomy":"product_cat","embeddable":true,"href":"https:\/\/dulceslaguaca.com\/index.php?rest_route=%2Fwp%2Fv2%2Fproduct_cat&post=179"},{"taxonomy":"product_tag","embeddable":true,"href":"https:\/\/dulceslaguaca.com\/index.php?rest_route=%2Fwp%2Fv2%2Fproduct_tag&post=179"}],"curies":[{"name":"wp","href":"https:\/\/api.w.org\/{rel}","templated":true}]}}