{"id":173,"date":"2024-01-15T20:18:18","date_gmt":"2024-01-15T20:18:18","guid":{"rendered":"https:\/\/dulceslaguaca.com\/?post_type=product&#038;p=173"},"modified":"2024-01-15T20:18:34","modified_gmt":"2024-01-15T20:18:34","slug":"oblea-con-arequipe","status":"publish","type":"product","link":"https:\/\/dulceslaguaca.com\/?product=oblea-con-arequipe","title":{"rendered":"Oblea con arequipe"},"content":{"rendered":"<p>Del\u00e9itate con nuestra exquisita combinaci\u00f3n: Galletas para Obleas y 250 gramos de Arequipe en un solo paquete de Dulces La Guaca.<\/p>\n<p>Este irresistible conjunto incluye 16 galletas, con una vida \u00fatil de 3 meses, ofreci\u00e9ndote frescura y sabor duradero.<\/p>\n<p>Las galletas, perfectamente dise\u00f1adas para acompa\u00f1ar tus obleas, se complementan a la perfecci\u00f3n con 250 gramos de nuestro delicioso Arequipe. Cada bocado es una experiencia que despierta tus papilas gustativas y te sumerge en el placer dulce. Hazte con esta combinaci\u00f3n \u00fanica a\u00f1adi\u00e9ndola a tu carrito, y deja que Dulces La Guaca transforme tus momentos dulces en momentos inolvidables.<\/p>\n","protected":false},"excerpt":{"rendered":"<p>Del\u00e9itate con nuestra exquisita combinaci\u00f3n: Galletas para Obleas y 250 gramos de Arequipe en un solo paquete de Dulces La Guaca.<\/p>\n<p>Este irresistible conjunto incluye 16 galletas, con una vida \u00fatil de 3 meses, ofreci\u00e9ndote frescura y sabor duradero.<\/p>\n<p>Las galletas, perfectamente dise\u00f1adas para acompa\u00f1ar tus obleas, se complementan a la perfecci\u00f3n con 250 gramos de nuestro delicioso Arequipe. Cada bocado es una experiencia que despierta tus papilas gustativas y te sumerge en el placer dulce. Hazte con esta combinaci\u00f3n \u00fanica a\u00f1adi\u00e9ndola a tu carrito, y deja que Dulces La Guaca transforme tus momentos dulces en momentos inolvidables.<\/p>\n","protected":false},"featured_media":174,"comment_status":"open","ping_status":"closed","template":"","meta":{"om_disable_all_campaigns":false,"_monsterinsights_skip_tracking":false,"_monsterinsights_sitenote_active":false,"_monsterinsights_sitenote_note":"","_monsterinsights_sitenote_category":0},"product_brand":[],"product_cat":[25],"product_tag":[],"class_list":{"0":"post-173","1":"product","2":"type-product","3":"status-publish","4":"has-post-thumbnail","6":"product_cat-leche","8":"first","9":"instock","10":"shipping-taxable","11":"purchasable","12":"product-type-simple"},"aioseo_notices":[],"_links":{"self":[{"href":"https:\/\/dulceslaguaca.com\/index.php?rest_route=\/wp\/v2\/product\/173","targetHints":{"allow":["GET"]}}],"collection":[{"href":"https:\/\/dulceslaguaca.com\/index.php?rest_route=\/wp\/v2\/product"}],"about":[{"href":"https:\/\/dulceslaguaca.com\/index.php?rest_route=\/wp\/v2\/types\/product"}],"replies":[{"embeddable":true,"href":"https:\/\/dulceslaguaca.com\/index.php?rest_route=%2Fwp%2Fv2%2Fcomments&post=173"}],"wp:featuredmedia":[{"embeddable":true,"href":"https:\/\/dulceslaguaca.com\/index.php?rest_route=\/wp\/v2\/media\/174"}],"wp:attachment":[{"href":"https:\/\/dulceslaguaca.com\/index.php?rest_route=%2Fwp%2Fv2%2Fmedia&parent=173"}],"wp:term":[{"taxonomy":"product_brand","embeddable":true,"href":"https:\/\/dulceslaguaca.com\/index.php?rest_route=%2Fwp%2Fv2%2Fproduct_brand&post=173"},{"taxonomy":"product_cat","embeddable":true,"href":"https:\/\/dulceslaguaca.com\/index.php?rest_route=%2Fwp%2Fv2%2Fproduct_cat&post=173"},{"taxonomy":"product_tag","embeddable":true,"href":"https:\/\/dulceslaguaca.com\/index.php?rest_route=%2Fwp%2Fv2%2Fproduct_tag&post=173"}],"curies":[{"name":"wp","href":"https:\/\/api.w.org\/{rel}","templated":true}]}}