{"id":167,"date":"2024-01-15T20:12:53","date_gmt":"2024-01-15T20:12:53","guid":{"rendered":"https:\/\/dulceslaguaca.com\/?post_type=product&#038;p=167"},"modified":"2024-01-15T20:13:50","modified_gmt":"2024-01-15T20:13:50","slug":"panuchas-con-coco-x9","status":"publish","type":"product","link":"https:\/\/dulceslaguaca.com\/?product=panuchas-con-coco-x9","title":{"rendered":"Panuchas con coco x9"},"content":{"rendered":"<p>Descubre la deliciosa tradici\u00f3n de nuestras Panuchas en la caja de Dulces Surtidos de Dulces La Guaca.<\/p>\n<p>Con un total de 9 unidades, un peso neto de 130 gramos y una vida \u00fatil de 3 meses, este exclusivo surtido te ofrece una experiencia \u00fanica con cada bocado.<\/p>\n<p>Las Panuchas, dulces con leche, son la variedad perfecta para aquellos que buscan la combinaci\u00f3n perfecta de suavidad y sabor aut\u00e9ntico. Sum\u00e9rgete en la dulzura de la tradici\u00f3n con este delicioso producto. \u00a1A\u00f1ade esta caja de Panuchas a tu carrito y permite que Dulces La Guaca endulce tus momentos m\u00e1s especiales!<\/p>\n","protected":false},"excerpt":{"rendered":"<p>Descubre la deliciosa tradici\u00f3n de nuestras Panuchas en la caja de Dulces Surtidos de Dulces La Guaca.<\/p>\n<p>Con un total de 9 unidades, un peso neto de 130 gramos y una vida \u00fatil de 3 meses, este exclusivo surtido te ofrece una experiencia \u00fanica con cada bocado.<\/p>\n<p>Las Panuchas, dulces con leche, son la variedad perfecta para aquellos que buscan la combinaci\u00f3n perfecta de suavidad y sabor aut\u00e9ntico. Sum\u00e9rgete en la dulzura de la tradici\u00f3n con este delicioso producto. \u00a1A\u00f1ade esta caja de Panuchas a tu carrito y permite que Dulces La Guaca endulce tus momentos m\u00e1s especiales!<\/p>\n","protected":false},"featured_media":168,"comment_status":"open","ping_status":"closed","template":"","meta":{"om_disable_all_campaigns":false,"_monsterinsights_skip_tracking":false,"_monsterinsights_sitenote_active":false,"_monsterinsights_sitenote_note":"","_monsterinsights_sitenote_category":0},"product_brand":[],"product_cat":[25],"product_tag":[],"class_list":{"0":"post-167","1":"product","2":"type-product","3":"status-publish","4":"has-post-thumbnail","6":"product_cat-leche","8":"first","9":"instock","10":"shipping-taxable","11":"purchasable","12":"product-type-simple"},"aioseo_notices":[],"_links":{"self":[{"href":"https:\/\/dulceslaguaca.com\/index.php?rest_route=\/wp\/v2\/product\/167","targetHints":{"allow":["GET"]}}],"collection":[{"href":"https:\/\/dulceslaguaca.com\/index.php?rest_route=\/wp\/v2\/product"}],"about":[{"href":"https:\/\/dulceslaguaca.com\/index.php?rest_route=\/wp\/v2\/types\/product"}],"replies":[{"embeddable":true,"href":"https:\/\/dulceslaguaca.com\/index.php?rest_route=%2Fwp%2Fv2%2Fcomments&post=167"}],"wp:featuredmedia":[{"embeddable":true,"href":"https:\/\/dulceslaguaca.com\/index.php?rest_route=\/wp\/v2\/media\/168"}],"wp:attachment":[{"href":"https:\/\/dulceslaguaca.com\/index.php?rest_route=%2Fwp%2Fv2%2Fmedia&parent=167"}],"wp:term":[{"taxonomy":"product_brand","embeddable":true,"href":"https:\/\/dulceslaguaca.com\/index.php?rest_route=%2Fwp%2Fv2%2Fproduct_brand&post=167"},{"taxonomy":"product_cat","embeddable":true,"href":"https:\/\/dulceslaguaca.com\/index.php?rest_route=%2Fwp%2Fv2%2Fproduct_cat&post=167"},{"taxonomy":"product_tag","embeddable":true,"href":"https:\/\/dulceslaguaca.com\/index.php?rest_route=%2Fwp%2Fv2%2Fproduct_tag&post=167"}],"curies":[{"name":"wp","href":"https:\/\/api.w.org\/{rel}","templated":true}]}}