{"id":154,"date":"2024-01-15T19:58:48","date_gmt":"2024-01-15T19:58:48","guid":{"rendered":"https:\/\/dulceslaguaca.com\/?post_type=product&#038;p=154"},"modified":"2024-01-15T20:03:38","modified_gmt":"2024-01-15T20:03:38","slug":"dulces-de-leche-surtido-x9","status":"publish","type":"product","link":"https:\/\/dulceslaguaca.com\/?product=dulces-de-leche-surtido-x9","title":{"rendered":"Dulces de leche surtido x9"},"content":{"rendered":"<p>Descubre la deliciosa variedad de nuestros Dulces Surtidos x9 de Dulces La Guaca, disponibles exclusivamente en nuestra tienda en l\u00ednea.<\/p>\n<p>Con 9 unidades cuidadosamente seleccionadas, un peso neto de 130 gramos y una vida \u00fatil de 3 meses, este producto es perfecto para satisfacer tus antojos con aut\u00e9nticos sabores.<\/p>\n<p>Desde dulces con leche en variantes natural, cortados y con guayaba, hasta irresistibles dulces con az\u00facar en categor\u00edas como frutas con lim\u00f3n, cereales con arroz y tub\u00e9rculo con apio. Cada caja es una experiencia \u00fanica que puedes disfrutar desde la comodidad de tu hogar. \u00a1A\u00f1ade este exquisito surtido a tu carrito y deja que Dulces La Guaca endulce tus momentos m\u00e1s especiales!<\/p>\n","protected":false},"excerpt":{"rendered":"<p>Con 9 unidades cuidadosamente seleccionadas, un peso neto de 130 gramos y una vida \u00fatil de 3 meses, este producto es perfecto para satisfacer tus antojos con aut\u00e9nticos sabores.<\/p>\n","protected":false},"featured_media":157,"comment_status":"open","ping_status":"closed","template":"","meta":{"om_disable_all_campaigns":false,"_monsterinsights_skip_tracking":false,"_monsterinsights_sitenote_active":false,"_monsterinsights_sitenote_note":"","_monsterinsights_sitenote_category":0},"product_brand":[],"product_cat":[24],"product_tag":[],"class_list":{"0":"post-154","1":"product","2":"type-product","3":"status-publish","4":"has-post-thumbnail","6":"product_cat-surtidos","8":"first","9":"instock","10":"shipping-taxable","11":"purchasable","12":"product-type-simple"},"aioseo_notices":[],"_links":{"self":[{"href":"https:\/\/dulceslaguaca.com\/index.php?rest_route=\/wp\/v2\/product\/154","targetHints":{"allow":["GET"]}}],"collection":[{"href":"https:\/\/dulceslaguaca.com\/index.php?rest_route=\/wp\/v2\/product"}],"about":[{"href":"https:\/\/dulceslaguaca.com\/index.php?rest_route=\/wp\/v2\/types\/product"}],"replies":[{"embeddable":true,"href":"https:\/\/dulceslaguaca.com\/index.php?rest_route=%2Fwp%2Fv2%2Fcomments&post=154"}],"wp:featuredmedia":[{"embeddable":true,"href":"https:\/\/dulceslaguaca.com\/index.php?rest_route=\/wp\/v2\/media\/157"}],"wp:attachment":[{"href":"https:\/\/dulceslaguaca.com\/index.php?rest_route=%2Fwp%2Fv2%2Fmedia&parent=154"}],"wp:term":[{"taxonomy":"product_brand","embeddable":true,"href":"https:\/\/dulceslaguaca.com\/index.php?rest_route=%2Fwp%2Fv2%2Fproduct_brand&post=154"},{"taxonomy":"product_cat","embeddable":true,"href":"https:\/\/dulceslaguaca.com\/index.php?rest_route=%2Fwp%2Fv2%2Fproduct_cat&post=154"},{"taxonomy":"product_tag","embeddable":true,"href":"https:\/\/dulceslaguaca.com\/index.php?rest_route=%2Fwp%2Fv2%2Fproduct_tag&post=154"}],"curies":[{"name":"wp","href":"https:\/\/api.w.org\/{rel}","templated":true}]}}